{"id":88,"date":"2017-03-16T11:39:36","date_gmt":"2017-03-16T09:39:36","guid":{"rendered":"http:\/\/alatalonlomamokit.iwn.co\/?page_id=88"},"modified":"2017-03-23T12:50:17","modified_gmt":"2017-03-23T10:50:17","slug":"activities","status":"publish","type":"page","link":"https:\/\/www.alatalonlomamokit.fi\/en\/activities\/","title":{"rendered":"Activities"},"content":{"rendered":"<p>If you want to take a closer look of our village, take a peek at the village&#8217;s website <a href=\"http:\/\/www.airaksela.fi\/\" target=\"_blank\">www.airaksela.fi<\/a> (only in Finnish).<\/p>\n<p>You can find more information about our county Karttula in <a href=\"http:\/\/www.karttula.fi\/\" target=\"_blank\">www.karttula.fi<\/a> (only in Finnish). Other sights\/happenings to see in Karttula, for example<\/p>\n<ul>\n<li>Riuttala Farmhouse museum with 1800 styled traditional farmhouse<\/li>\n<li>Strawberry farm Hussola offering farm barn dances<\/li>\n<li>Theatre Hermanni&#8217;s summer plays which are performed in a magnificent stonebarn<\/li>\n<\/ul>\n<p>Although we are located in the peace of countryside, distances to larger places are not long.<br \/>\n<div class=\"gca-column one-half first\"><ul>\n<li>Karttula 25 km<\/li>\n<li>Kuopio 40 km<\/li>\n<li>Suonenjoki 35 km<\/li>\n<\/ul><\/div>\n<div class=\"gca-column one-half\"><ul>\n<li>Helsinki 370 km<\/li>\n<li>Jyv\u00e4skyl\u00e4 130 km<\/li>\n<li>Tampere 280 km<\/li>\n<\/ul><\/div>\nYou can find all sorts of activity here in the vicinity of Kuopio.<\/p>\n<p>For example there are at least seven golf courses in the hundred kilometer radius.<\/p>\n<ul>\n<li>Eerikkala Golf, Tervo,&nbsp; <a href=\"http:\/\/www.eerikkalagolf.fi\/\" target=\"_blank\">www.eerikkalagolf.fi<\/a><\/li>\n<li>Konnus Golf, Lepp\u00e4virta, <a href=\"http:\/\/www.golf.fi\/kong\" target=\"_blank\">www.golf.fi\/kong<\/a><\/li>\n<li>Revontuli Golf, Hankasalmi, <a href=\"http:\/\/www.revontuligolf.fi\/\" target=\"_blank\">www.revontuligolf.fi<\/a><\/li>\n<li>Joroisten Kartano-Golf, Joroinen, <a href=\"http:\/\/www.kartanogolf.fi\/\" target=\"_blank\">www.kartanogolf.fi<\/a><\/li>\n<li>Anola Golf, Pieks\u00e4m\u00e4ki, <a href=\"http:\/\/www.anola.com\/\" target=\"_blank\">www.anola.com<\/a><\/li>\n<li>Tarina Golf, Siilinj\u00e4rvi, <a href=\"http:\/\/www.tarinagolf.fi\/\" target=\"_blank\">www.tarinagolf.fi<\/a><\/li>\n<li>Tahko Golf, Nilsi\u00e4, <a href=\"http:\/\/www.tahkogolf.fi\/\" target=\"_blank\">www.tahkogolf.fi<\/a><\/li>\n<\/ul>\n<p>Nearby ski centers aren&#8217;t far away.<\/p>\n<ul>\n<li>Tahko, Nilsi\u00e4 100 km, <a href=\"http:\/\/www.tahko.com\/\" target=\"_blank\">www.tahko.com<\/a><\/li>\n<li>Kasurila&#8217;s ski center, Siilinj\u00e4rvi 60 km, <a href=\"http:\/\/www.kasurila.com\/\" target=\"_blank\">www.kasurila.com<\/a><\/li>\n<li>Puijo ski slopes, Kuopio 40 km, <a href=\"http:\/\/www.kuopioinfo.fi\/\" target=\"_blank\">www.kuopioinfo.fi<\/a><\/li>\n<li>R\u00e4m\u00e4kk\u00e4, Rautalampi 50 km, <a href=\"http:\/\/www.ramakka.com\/\" target=\"_blank\">www.ramakka.com<\/a><\/li>\n<\/ul>\n<p>At rainy days it might be a good idea to go swimming at the nearby spas.<\/p>\n<ul>\n<li>Rauhalahti, Kuopio 36 km, <a href=\"http:\/\/www.rauhalahti.fi\/\" target=\"_blank\">www.rauhalahti.fi<\/a><\/li>\n<li>Kunnonpaikka, Vuorela 50 km, <a href=\"http:\/\/www.kunnonpaikka.fi\/\" target=\"_blank\">www.kunnonpaikka.fi<\/a><\/li>\n<li>Fontanella, Siilinj\u00e4rvi 60 km, <a href=\"http:\/\/www.fontanella.fi\/\" target=\"_blank\">www.fontanella.fi<\/a><\/li>\n<li>Vesileppis, Lepp\u00e4virta 50 km, <a href=\"http:\/\/www.vesileppis.fi\/\" target=\"_blank\">www.vesileppis.fi<\/a><\/li>\n","protected":false},"excerpt":{"rendered":"<p>If you want to take a closer look of our village, take a peek at the village&#8217;s website www.airaksela.fi (only in Finnish). You can find more information about our county Karttula in www.karttula.fi (only in Finnish). Other sights\/happenings to see in Karttula, for example Riuttala Farmhouse museum with 1800 styled traditional farmhouse Strawberry farm Hussola [&hellip;]<\/p>\n","protected":false},"author":1,"featured_media":0,"parent":0,"menu_order":50,"comment_status":"closed","ping_status":"closed","template":"","meta":{"_monsterinsights_skip_tracking":false,"_monsterinsights_sitenote_active":false,"_monsterinsights_sitenote_note":"","_monsterinsights_sitenote_category":0,"_genesis_hide_title":false,"_genesis_hide_breadcrumbs":false,"_genesis_hide_singular_image":false,"_genesis_hide_footer_widgets":false,"_genesis_custom_body_class":"","_genesis_custom_post_class":"","_genesis_layout":"","footnotes":""},"class_list":{"0":"post-88","1":"page","2":"type-page","3":"status-publish","5":"entry"},"yoast_head":"<!-- This site is optimized with the Yoast SEO plugin v27.5 - https:\/\/yoast.com\/product\/yoast-seo-wordpress\/ -->\n<title>Activities - Alatalon lomam\u00f6kit<\/title>\n<meta name=\"robots\" content=\"index, follow, max-snippet:-1, max-image-preview:large, max-video-preview:-1\" \/>\n<link rel=\"canonical\" href=\"https:\/\/www.alatalonlomamokit.fi\/en\/activities\/\" \/>\n<meta property=\"og:locale\" content=\"en_US\" \/>\n<meta property=\"og:type\" content=\"article\" \/>\n<meta property=\"og:title\" content=\"Activities - Alatalon lomam\u00f6kit\" \/>\n<meta property=\"og:description\" content=\"If you want to take a closer look of our village, take a peek at the village&#8217;s website www.airaksela.fi (only in Finnish). You can find more information about our county Karttula in www.karttula.fi (only in Finnish). Other sights\/happenings to see in Karttula, for example Riuttala Farmhouse museum with 1800 styled traditional farmhouse Strawberry farm Hussola [&hellip;]\" \/>\n<meta property=\"og:url\" content=\"https:\/\/www.alatalonlomamokit.fi\/en\/activities\/\" \/>\n<meta property=\"og:site_name\" content=\"Alatalon lomam\u00f6kit\" \/>\n<meta property=\"article:modified_time\" content=\"2017-03-23T10:50:17+00:00\" \/>\n<meta name=\"twitter:card\" content=\"summary_large_image\" \/>\n<meta name=\"twitter:label1\" content=\"Est. reading time\" \/>\n\t<meta name=\"twitter:data1\" content=\"1 minute\" \/>\n<script type=\"application\/ld+json\" class=\"yoast-schema-graph\">{\"@context\":\"https:\\\/\\\/schema.org\",\"@graph\":[{\"@type\":\"WebPage\",\"@id\":\"https:\\\/\\\/www.alatalonlomamokit.fi\\\/en\\\/activities\\\/\",\"url\":\"https:\\\/\\\/www.alatalonlomamokit.fi\\\/en\\\/activities\\\/\",\"name\":\"Activities - Alatalon lomam\u00f6kit\",\"isPartOf\":{\"@id\":\"https:\\\/\\\/www.alatalonlomamokit.fi\\\/#website\"},\"datePublished\":\"2017-03-16T09:39:36+00:00\",\"dateModified\":\"2017-03-23T10:50:17+00:00\",\"breadcrumb\":{\"@id\":\"https:\\\/\\\/www.alatalonlomamokit.fi\\\/en\\\/activities\\\/#breadcrumb\"},\"inLanguage\":\"en-US\",\"potentialAction\":[{\"@type\":\"ReadAction\",\"target\":[\"https:\\\/\\\/www.alatalonlomamokit.fi\\\/en\\\/activities\\\/\"]}]},{\"@type\":\"BreadcrumbList\",\"@id\":\"https:\\\/\\\/www.alatalonlomamokit.fi\\\/en\\\/activities\\\/#breadcrumb\",\"itemListElement\":[{\"@type\":\"ListItem\",\"position\":1,\"name\":\"Home\",\"item\":\"https:\\\/\\\/www.alatalonlomamokit.fi\\\/en\\\/\"},{\"@type\":\"ListItem\",\"position\":2,\"name\":\"Activities\"}]},{\"@type\":\"WebSite\",\"@id\":\"https:\\\/\\\/www.alatalonlomamokit.fi\\\/#website\",\"url\":\"https:\\\/\\\/www.alatalonlomamokit.fi\\\/\",\"name\":\"Alatalon lomam\u00f6kit\",\"description\":\"Alatalon lomam\u00f6kit\",\"potentialAction\":[{\"@type\":\"SearchAction\",\"target\":{\"@type\":\"EntryPoint\",\"urlTemplate\":\"https:\\\/\\\/www.alatalonlomamokit.fi\\\/?s={search_term_string}\"},\"query-input\":{\"@type\":\"PropertyValueSpecification\",\"valueRequired\":true,\"valueName\":\"search_term_string\"}}],\"inLanguage\":\"en-US\"}]}<\/script>\n<!-- \/ Yoast SEO plugin. -->","yoast_head_json":{"title":"Activities - Alatalon lomam\u00f6kit","robots":{"index":"index","follow":"follow","max-snippet":"max-snippet:-1","max-image-preview":"max-image-preview:large","max-video-preview":"max-video-preview:-1"},"canonical":"https:\/\/www.alatalonlomamokit.fi\/en\/activities\/","og_locale":"en_US","og_type":"article","og_title":"Activities - Alatalon lomam\u00f6kit","og_description":"If you want to take a closer look of our village, take a peek at the village&#8217;s website www.airaksela.fi (only in Finnish). You can find more information about our county Karttula in www.karttula.fi (only in Finnish). Other sights\/happenings to see in Karttula, for example Riuttala Farmhouse museum with 1800 styled traditional farmhouse Strawberry farm Hussola [&hellip;]","og_url":"https:\/\/www.alatalonlomamokit.fi\/en\/activities\/","og_site_name":"Alatalon lomam\u00f6kit","article_modified_time":"2017-03-23T10:50:17+00:00","twitter_card":"summary_large_image","twitter_misc":{"Est. reading time":"1 minute"},"schema":{"@context":"https:\/\/schema.org","@graph":[{"@type":"WebPage","@id":"https:\/\/www.alatalonlomamokit.fi\/en\/activities\/","url":"https:\/\/www.alatalonlomamokit.fi\/en\/activities\/","name":"Activities - Alatalon lomam\u00f6kit","isPartOf":{"@id":"https:\/\/www.alatalonlomamokit.fi\/#website"},"datePublished":"2017-03-16T09:39:36+00:00","dateModified":"2017-03-23T10:50:17+00:00","breadcrumb":{"@id":"https:\/\/www.alatalonlomamokit.fi\/en\/activities\/#breadcrumb"},"inLanguage":"en-US","potentialAction":[{"@type":"ReadAction","target":["https:\/\/www.alatalonlomamokit.fi\/en\/activities\/"]}]},{"@type":"BreadcrumbList","@id":"https:\/\/www.alatalonlomamokit.fi\/en\/activities\/#breadcrumb","itemListElement":[{"@type":"ListItem","position":1,"name":"Home","item":"https:\/\/www.alatalonlomamokit.fi\/en\/"},{"@type":"ListItem","position":2,"name":"Activities"}]},{"@type":"WebSite","@id":"https:\/\/www.alatalonlomamokit.fi\/#website","url":"https:\/\/www.alatalonlomamokit.fi\/","name":"Alatalon lomam\u00f6kit","description":"Alatalon lomam\u00f6kit","potentialAction":[{"@type":"SearchAction","target":{"@type":"EntryPoint","urlTemplate":"https:\/\/www.alatalonlomamokit.fi\/?s={search_term_string}"},"query-input":{"@type":"PropertyValueSpecification","valueRequired":true,"valueName":"search_term_string"}}],"inLanguage":"en-US"}]}},"_links":{"self":[{"href":"https:\/\/www.alatalonlomamokit.fi\/en\/wp-json\/wp\/v2\/pages\/88","targetHints":{"allow":["GET"]}}],"collection":[{"href":"https:\/\/www.alatalonlomamokit.fi\/en\/wp-json\/wp\/v2\/pages"}],"about":[{"href":"https:\/\/www.alatalonlomamokit.fi\/en\/wp-json\/wp\/v2\/types\/page"}],"author":[{"embeddable":true,"href":"https:\/\/www.alatalonlomamokit.fi\/en\/wp-json\/wp\/v2\/users\/1"}],"replies":[{"embeddable":true,"href":"https:\/\/www.alatalonlomamokit.fi\/en\/wp-json\/wp\/v2\/comments?post=88"}],"version-history":[{"count":0,"href":"https:\/\/www.alatalonlomamokit.fi\/en\/wp-json\/wp\/v2\/pages\/88\/revisions"}],"wp:attachment":[{"href":"https:\/\/www.alatalonlomamokit.fi\/en\/wp-json\/wp\/v2\/media?parent=88"}],"curies":[{"name":"wp","href":"https:\/\/api.w.org\/{rel}","templated":true}]}}